{"id":4009,"date":"2020-10-31T12:47:26","date_gmt":"2020-10-31T09:47:26","guid":{"rendered":"https:\/\/nurlog.com.tr\/%d9%82%d8%b5%d8%aa%d9%86%d8%a7\/"},"modified":"2020-10-31T12:47:29","modified_gmt":"2020-10-31T09:47:29","slug":"%d9%82%d8%b5%d8%aa%d9%86%d8%a7","status":"publish","type":"page","link":"https:\/\/nurlog.com.tr\/ar\/%d9%82%d8%b5%d8%aa%d9%86%d8%a7\/","title":{"rendered":"\u0642\u0635\u062a\u0646\u0627"},"content":{"rendered":"","protected":false},"excerpt":{"rendered":"","protected":false},"author":1,"featured_media":0,"parent":0,"menu_order":0,"comment_status":"closed","ping_status":"closed","template":"","meta":{"footnotes":""},"yoast_head":"<!-- This site is optimized with the Yoast SEO plugin v18.6 - https:\/\/yoast.com\/wordpress\/plugins\/seo\/ -->\n<title>\u0642\u0635\u062a\u0646\u0627 - Nurlog Ka\u011f\u0131t ve Temizlik \u00dcr\u00fcnleri<\/title>\n<meta name=\"robots\" content=\"index, follow, max-snippet:-1, max-image-preview:large, max-video-preview:-1\" \/>\n<link rel=\"canonical\" href=\"https:\/\/nurlog.com.tr\/ar\/%d9%82%d8%b5%d8%aa%d9%86%d8%a7\/\" \/>\n<meta property=\"og:locale\" content=\"ar_AR\" \/>\n<meta property=\"og:type\" content=\"article\" \/>\n<meta property=\"og:title\" content=\"\u0642\u0635\u062a\u0646\u0627 - Nurlog Ka\u011f\u0131t ve Temizlik \u00dcr\u00fcnleri\" \/>\n<meta property=\"og:url\" content=\"https:\/\/nurlog.com.tr\/ar\/%d9%82%d8%b5%d8%aa%d9%86%d8%a7\/\" \/>\n<meta property=\"og:site_name\" content=\"Nurlog Ka\u011f\u0131t ve Temizlik \u00dcr\u00fcnleri\" \/>\n<meta property=\"article:modified_time\" content=\"2020-10-31T09:47:29+00:00\" \/>\n<meta name=\"twitter:card\" content=\"summary_large_image\" \/>\n<script type=\"application\/ld+json\" class=\"yoast-schema-graph\">{\"@context\":\"https:\/\/schema.org\",\"@graph\":[{\"@type\":\"WebSite\",\"@id\":\"https:\/\/nurlog.com.tr\/ar\/#website\",\"url\":\"https:\/\/nurlog.com.tr\/ar\/\",\"name\":\"Nurlog Ka\u011f\u0131t ve Temizlik \u00dcr\u00fcnleri\",\"description\":\"D\u00fc\u015flerdeki kalite..\",\"potentialAction\":[{\"@type\":\"SearchAction\",\"target\":{\"@type\":\"EntryPoint\",\"urlTemplate\":\"https:\/\/nurlog.com.tr\/ar\/?s={search_term_string}\"},\"query-input\":\"required name=search_term_string\"}],\"inLanguage\":\"ar\"},{\"@type\":\"WebPage\",\"@id\":\"https:\/\/nurlog.com.tr\/ar\/%d9%82%d8%b5%d8%aa%d9%86%d8%a7\/#webpage\",\"url\":\"https:\/\/nurlog.com.tr\/ar\/%d9%82%d8%b5%d8%aa%d9%86%d8%a7\/\",\"name\":\"\u0642\u0635\u062a\u0646\u0627 - Nurlog Ka\u011f\u0131t ve Temizlik \u00dcr\u00fcnleri\",\"isPartOf\":{\"@id\":\"https:\/\/nurlog.com.tr\/ar\/#website\"},\"datePublished\":\"2020-10-31T09:47:26+00:00\",\"dateModified\":\"2020-10-31T09:47:29+00:00\",\"breadcrumb\":{\"@id\":\"https:\/\/nurlog.com.tr\/ar\/%d9%82%d8%b5%d8%aa%d9%86%d8%a7\/#breadcrumb\"},\"inLanguage\":\"ar\",\"potentialAction\":[{\"@type\":\"ReadAction\",\"target\":[\"https:\/\/nurlog.com.tr\/ar\/%d9%82%d8%b5%d8%aa%d9%86%d8%a7\/\"]}]},{\"@type\":\"BreadcrumbList\",\"@id\":\"https:\/\/nurlog.com.tr\/ar\/%d9%82%d8%b5%d8%aa%d9%86%d8%a7\/#breadcrumb\",\"itemListElement\":[{\"@type\":\"ListItem\",\"position\":1,\"name\":\"Home\",\"item\":\"https:\/\/nurlog.com.tr\/ar\/\"},{\"@type\":\"ListItem\",\"position\":2,\"name\":\"\u0642\u0635\u062a\u0646\u0627\"}]}]}<\/script>\n<!-- \/ Yoast SEO plugin. -->","yoast_head_json":{"title":"\u0642\u0635\u062a\u0646\u0627 - Nurlog Ka\u011f\u0131t ve Temizlik \u00dcr\u00fcnleri","robots":{"index":"index","follow":"follow","max-snippet":"max-snippet:-1","max-image-preview":"max-image-preview:large","max-video-preview":"max-video-preview:-1"},"canonical":"https:\/\/nurlog.com.tr\/ar\/%d9%82%d8%b5%d8%aa%d9%86%d8%a7\/","og_locale":"ar_AR","og_type":"article","og_title":"\u0642\u0635\u062a\u0646\u0627 - Nurlog Ka\u011f\u0131t ve Temizlik \u00dcr\u00fcnleri","og_url":"https:\/\/nurlog.com.tr\/ar\/%d9%82%d8%b5%d8%aa%d9%86%d8%a7\/","og_site_name":"Nurlog Ka\u011f\u0131t ve Temizlik \u00dcr\u00fcnleri","article_modified_time":"2020-10-31T09:47:29+00:00","twitter_card":"summary_large_image","schema":{"@context":"https:\/\/schema.org","@graph":[{"@type":"WebSite","@id":"https:\/\/nurlog.com.tr\/ar\/#website","url":"https:\/\/nurlog.com.tr\/ar\/","name":"Nurlog Ka\u011f\u0131t ve Temizlik \u00dcr\u00fcnleri","description":"D\u00fc\u015flerdeki kalite..","potentialAction":[{"@type":"SearchAction","target":{"@type":"EntryPoint","urlTemplate":"https:\/\/nurlog.com.tr\/ar\/?s={search_term_string}"},"query-input":"required name=search_term_string"}],"inLanguage":"ar"},{"@type":"WebPage","@id":"https:\/\/nurlog.com.tr\/ar\/%d9%82%d8%b5%d8%aa%d9%86%d8%a7\/#webpage","url":"https:\/\/nurlog.com.tr\/ar\/%d9%82%d8%b5%d8%aa%d9%86%d8%a7\/","name":"\u0642\u0635\u062a\u0646\u0627 - Nurlog Ka\u011f\u0131t ve Temizlik \u00dcr\u00fcnleri","isPartOf":{"@id":"https:\/\/nurlog.com.tr\/ar\/#website"},"datePublished":"2020-10-31T09:47:26+00:00","dateModified":"2020-10-31T09:47:29+00:00","breadcrumb":{"@id":"https:\/\/nurlog.com.tr\/ar\/%d9%82%d8%b5%d8%aa%d9%86%d8%a7\/#breadcrumb"},"inLanguage":"ar","potentialAction":[{"@type":"ReadAction","target":["https:\/\/nurlog.com.tr\/ar\/%d9%82%d8%b5%d8%aa%d9%86%d8%a7\/"]}]},{"@type":"BreadcrumbList","@id":"https:\/\/nurlog.com.tr\/ar\/%d9%82%d8%b5%d8%aa%d9%86%d8%a7\/#breadcrumb","itemListElement":[{"@type":"ListItem","position":1,"name":"Home","item":"https:\/\/nurlog.com.tr\/ar\/"},{"@type":"ListItem","position":2,"name":"\u0642\u0635\u062a\u0646\u0627"}]}]}},"_links":{"self":[{"href":"https:\/\/nurlog.com.tr\/ar\/wp-json\/wp\/v2\/pages\/4009"}],"collection":[{"href":"https:\/\/nurlog.com.tr\/ar\/wp-json\/wp\/v2\/pages"}],"about":[{"href":"https:\/\/nurlog.com.tr\/ar\/wp-json\/wp\/v2\/types\/page"}],"author":[{"embeddable":true,"href":"https:\/\/nurlog.com.tr\/ar\/wp-json\/wp\/v2\/users\/1"}],"replies":[{"embeddable":true,"href":"https:\/\/nurlog.com.tr\/ar\/wp-json\/wp\/v2\/comments?post=4009"}],"version-history":[{"count":1,"href":"https:\/\/nurlog.com.tr\/ar\/wp-json\/wp\/v2\/pages\/4009\/revisions"}],"predecessor-version":[{"id":4010,"href":"https:\/\/nurlog.com.tr\/ar\/wp-json\/wp\/v2\/pages\/4009\/revisions\/4010"}],"wp:attachment":[{"href":"https:\/\/nurlog.com.tr\/ar\/wp-json\/wp\/v2\/media?parent=4009"}],"curies":[{"name":"wp","href":"https:\/\/api.w.org\/{rel}","templated":true}]}}