{"id":4057,"date":"2020-08-18T14:23:39","date_gmt":"2020-10-31T11:06:48","guid":{"rendered":"https:\/\/nurlog.com.tr\/urun\/yuppy%d9%85%d9%86%d8%af%d9%8a%d9%84-%d8%ae%d8%af%d9%85%d8%a9-30x30\/"},"modified":"2020-10-31T14:06:52","modified_gmt":"2020-10-31T11:06:52","slug":"yuppy-%d9%85%d9%86%d8%af%d9%8a%d9%84-%d8%ae%d8%af%d9%85%d8%a9-30x30","status":"publish","type":"product","link":"https:\/\/nurlog.com.tr\/ar\/\u0646\u062a\u0627\u062c\/yuppy-%d9%85%d9%86%d8%af%d9%8a%d9%84-%d8%ae%d8%af%d9%85%d8%a9-30x30\/","title":{"rendered":"Yuppy\u0645\u0646\u062f\u064a\u0644 \u062e\u062f\u0645\u0629 30&#215;30"},"content":{"rendered":"<table class=\"table table-striped table-hover mt-35\">\n<tbody>\n<tr>\n<th>\u0643\u0648\u062f \u0627\u0644\u0645\u0646\u062a\u062c<\/th>\n<td>: YK-103<\/td>\n<\/tr>\n<tr>\n<th>\u0642\u0637\u0639 \u0641\u064a \u0627\u0644\u0635\u0646\u062f\u0648\u0642<\/th>\n<td>: 24<\/td>\n<\/tr>\n<tr>\n<th>\u0648\u0632\u0646 \u0627\u0644\u0637\u0631\u062f<\/th>\n<td>: 4.65 \u0643\u062c\u0645<\/td>\n<\/tr>\n<tr>\n<th>\u0627\u0644\u0641\u0626\u0629<\/th>\n<td>&gt; <a href=\"https:\/\/www.nurlog.com.tr\/urun-grubu\/pecete\" rel=\"tag\"> \u0645\u0646\u062f\u064a\u0644<\/a><\/td>\n<\/tr>\n<\/tbody>\n<\/table>\n","protected":false},"excerpt":{"rendered":"<p>\u0643\u0648\u062f \u0627\u0644\u0645\u0646\u062a\u062c : YK-103 \u0642\u0637\u0639 \u0641\u064a \u0627\u0644\u0635\u0646\u062f\u0648\u0642 : 24 \u0648\u0632\u0646 \u0627\u0644\u0637\u0631\u062f : 4.65 \u0643\u062c\u0645 \u0627\u0644\u0641\u0626\u0629 &gt; \u0645\u0646\u062f\u064a\u0644<\/p>\n","protected":false},"featured_media":4058,"comment_status":"open","ping_status":"closed","template":"","meta":[],"product_cat":[574],"product_tag":[],"yoast_head":"<!-- This site is optimized with the Yoast SEO plugin v18.6 - https:\/\/yoast.com\/wordpress\/plugins\/seo\/ -->\n<title>Yuppy\u0645\u0646\u062f\u064a\u0644 \u062e\u062f\u0645\u0629 30x30 - Nurlog Ka\u011f\u0131t ve Temizlik \u00dcr\u00fcnleri<\/title>\n<meta name=\"robots\" content=\"index, follow, max-snippet:-1, max-image-preview:large, max-video-preview:-1\" \/>\n<link rel=\"canonical\" href=\"https:\/\/nurlog.com.tr\/ar\/\u0646\u062a\u0627\u062c\/yuppy-%d9%85%d9%86%d8%af%d9%8a%d9%84-%d8%ae%d8%af%d9%85%d8%a9-30x30\/\" \/>\n<meta property=\"og:locale\" content=\"ar_AR\" \/>\n<meta property=\"og:type\" content=\"article\" \/>\n<meta property=\"og:title\" content=\"Yuppy\u0645\u0646\u062f\u064a\u0644 \u062e\u062f\u0645\u0629 30x30 - Nurlog Ka\u011f\u0131t ve Temizlik \u00dcr\u00fcnleri\" \/>\n<meta property=\"og:description\" content=\"\u0643\u0648\u062f \u0627\u0644\u0645\u0646\u062a\u062c : YK-103 \u0642\u0637\u0639 \u0641\u064a \u0627\u0644\u0635\u0646\u062f\u0648\u0642 : 24 \u0648\u0632\u0646 \u0627\u0644\u0637\u0631\u062f : 4.65 \u0643\u062c\u0645 \u0627\u0644\u0641\u0626\u0629 &gt; \u0645\u0646\u062f\u064a\u0644\" \/>\n<meta property=\"og:url\" content=\"https:\/\/nurlog.com.tr\/ar\/\u0646\u062a\u0627\u062c\/yuppy-%d9%85%d9%86%d8%af%d9%8a%d9%84-%d8%ae%d8%af%d9%85%d8%a9-30x30\/\" \/>\n<meta property=\"og:site_name\" content=\"Nurlog Ka\u011f\u0131t ve Temizlik \u00dcr\u00fcnleri\" \/>\n<meta property=\"article:modified_time\" content=\"2020-10-31T11:06:52+00:00\" \/>\n<meta property=\"og:image\" content=\"https:\/\/nurlog.com.tr\/wp-content\/uploads\/2020\/08\/xh2vg6I-yuppy-servis-pecete-30x30-1.jpg\" \/>\n\t<meta property=\"og:image:width\" content=\"1000\" \/>\n\t<meta property=\"og:image:height\" content=\"800\" \/>\n\t<meta property=\"og:image:type\" content=\"image\/jpeg\" \/>\n<meta name=\"twitter:card\" content=\"summary_large_image\" \/>\n<script type=\"application\/ld+json\" class=\"yoast-schema-graph\">{\"@context\":\"https:\/\/schema.org\",\"@graph\":[{\"@type\":\"WebSite\",\"@id\":\"https:\/\/nurlog.com.tr\/ar\/#website\",\"url\":\"https:\/\/nurlog.com.tr\/ar\/\",\"name\":\"Nurlog Ka\u011f\u0131t ve Temizlik \u00dcr\u00fcnleri\",\"description\":\"D\u00fc\u015flerdeki kalite..\",\"potentialAction\":[{\"@type\":\"SearchAction\",\"target\":{\"@type\":\"EntryPoint\",\"urlTemplate\":\"https:\/\/nurlog.com.tr\/ar\/?s={search_term_string}\"},\"query-input\":\"required name=search_term_string\"}],\"inLanguage\":\"ar\"},{\"@type\":\"ImageObject\",\"@id\":\"https:\/\/nurlog.com.tr\/ar\/\u0646\u062a\u0627\u062c\/yuppy-%d9%85%d9%86%d8%af%d9%8a%d9%84-%d8%ae%d8%af%d9%85%d8%a9-30x30\/#primaryimage\",\"inLanguage\":\"ar\",\"url\":\"https:\/\/nurlog.com.tr\/wp-content\/uploads\/2020\/08\/xh2vg6I-yuppy-servis-pecete-30x30-1.jpg\",\"contentUrl\":\"https:\/\/nurlog.com.tr\/wp-content\/uploads\/2020\/08\/xh2vg6I-yuppy-servis-pecete-30x30-1.jpg\",\"width\":1000,\"height\":800},{\"@type\":\"WebPage\",\"@id\":\"https:\/\/nurlog.com.tr\/ar\/\u0646\u062a\u0627\u062c\/yuppy-%d9%85%d9%86%d8%af%d9%8a%d9%84-%d8%ae%d8%af%d9%85%d8%a9-30x30\/#webpage\",\"url\":\"https:\/\/nurlog.com.tr\/ar\/\u0646\u062a\u0627\u062c\/yuppy-%d9%85%d9%86%d8%af%d9%8a%d9%84-%d8%ae%d8%af%d9%85%d8%a9-30x30\/\",\"name\":\"Yuppy\u0645\u0646\u062f\u064a\u0644 \u062e\u062f\u0645\u0629 30x30 - Nurlog Ka\u011f\u0131t ve Temizlik \u00dcr\u00fcnleri\",\"isPartOf\":{\"@id\":\"https:\/\/nurlog.com.tr\/ar\/#website\"},\"primaryImageOfPage\":{\"@id\":\"https:\/\/nurlog.com.tr\/ar\/\u0646\u062a\u0627\u062c\/yuppy-%d9%85%d9%86%d8%af%d9%8a%d9%84-%d8%ae%d8%af%d9%85%d8%a9-30x30\/#primaryimage\"},\"datePublished\":\"2020-10-31T11:06:48+00:00\",\"dateModified\":\"2020-10-31T11:06:52+00:00\",\"breadcrumb\":{\"@id\":\"https:\/\/nurlog.com.tr\/ar\/\u0646\u062a\u0627\u062c\/yuppy-%d9%85%d9%86%d8%af%d9%8a%d9%84-%d8%ae%d8%af%d9%85%d8%a9-30x30\/#breadcrumb\"},\"inLanguage\":\"ar\",\"potentialAction\":[{\"@type\":\"ReadAction\",\"target\":[\"https:\/\/nurlog.com.tr\/ar\/\u0646\u062a\u0627\u062c\/yuppy-%d9%85%d9%86%d8%af%d9%8a%d9%84-%d8%ae%d8%af%d9%85%d8%a9-30x30\/\"]}]},{\"@type\":\"BreadcrumbList\",\"@id\":\"https:\/\/nurlog.com.tr\/ar\/\u0646\u062a\u0627\u062c\/yuppy-%d9%85%d9%86%d8%af%d9%8a%d9%84-%d8%ae%d8%af%d9%85%d8%a9-30x30\/#breadcrumb\",\"itemListElement\":[{\"@type\":\"ListItem\",\"position\":1,\"name\":\"Home\",\"item\":\"https:\/\/nurlog.com.tr\/ar\/\"},{\"@type\":\"ListItem\",\"position\":2,\"name\":\"\u0645\u0646\u062a\u062c\u0627\u062a\",\"item\":\"https:\/\/nurlog.com.tr\/ar\/%d9%85%d9%86%d8%aa%d8%ac%d8%a7%d8%aa\/\"},{\"@type\":\"ListItem\",\"position\":3,\"name\":\"Yuppy\u0645\u0646\u062f\u064a\u0644 \u062e\u062f\u0645\u0629 30&#215;30\"}]}]}<\/script>\n<!-- \/ Yoast SEO plugin. -->","yoast_head_json":{"title":"Yuppy\u0645\u0646\u062f\u064a\u0644 \u062e\u062f\u0645\u0629 30x30 - Nurlog Ka\u011f\u0131t ve Temizlik \u00dcr\u00fcnleri","robots":{"index":"index","follow":"follow","max-snippet":"max-snippet:-1","max-image-preview":"max-image-preview:large","max-video-preview":"max-video-preview:-1"},"canonical":"https:\/\/nurlog.com.tr\/ar\/\u0646\u062a\u0627\u062c\/yuppy-%d9%85%d9%86%d8%af%d9%8a%d9%84-%d8%ae%d8%af%d9%85%d8%a9-30x30\/","og_locale":"ar_AR","og_type":"article","og_title":"Yuppy\u0645\u0646\u062f\u064a\u0644 \u062e\u062f\u0645\u0629 30x30 - Nurlog Ka\u011f\u0131t ve Temizlik \u00dcr\u00fcnleri","og_description":"\u0643\u0648\u062f \u0627\u0644\u0645\u0646\u062a\u062c : YK-103 \u0642\u0637\u0639 \u0641\u064a \u0627\u0644\u0635\u0646\u062f\u0648\u0642 : 24 \u0648\u0632\u0646 \u0627\u0644\u0637\u0631\u062f : 4.65 \u0643\u062c\u0645 \u0627\u0644\u0641\u0626\u0629 &gt; \u0645\u0646\u062f\u064a\u0644","og_url":"https:\/\/nurlog.com.tr\/ar\/\u0646\u062a\u0627\u062c\/yuppy-%d9%85%d9%86%d8%af%d9%8a%d9%84-%d8%ae%d8%af%d9%85%d8%a9-30x30\/","og_site_name":"Nurlog Ka\u011f\u0131t ve Temizlik \u00dcr\u00fcnleri","article_modified_time":"2020-10-31T11:06:52+00:00","og_image":[{"width":1000,"height":800,"url":"https:\/\/nurlog.com.tr\/wp-content\/uploads\/2020\/08\/xh2vg6I-yuppy-servis-pecete-30x30-1.jpg","type":"image\/jpeg"}],"twitter_card":"summary_large_image","schema":{"@context":"https:\/\/schema.org","@graph":[{"@type":"WebSite","@id":"https:\/\/nurlog.com.tr\/ar\/#website","url":"https:\/\/nurlog.com.tr\/ar\/","name":"Nurlog Ka\u011f\u0131t ve Temizlik \u00dcr\u00fcnleri","description":"D\u00fc\u015flerdeki kalite..","potentialAction":[{"@type":"SearchAction","target":{"@type":"EntryPoint","urlTemplate":"https:\/\/nurlog.com.tr\/ar\/?s={search_term_string}"},"query-input":"required name=search_term_string"}],"inLanguage":"ar"},{"@type":"ImageObject","@id":"https:\/\/nurlog.com.tr\/ar\/\u0646\u062a\u0627\u062c\/yuppy-%d9%85%d9%86%d8%af%d9%8a%d9%84-%d8%ae%d8%af%d9%85%d8%a9-30x30\/#primaryimage","inLanguage":"ar","url":"https:\/\/nurlog.com.tr\/wp-content\/uploads\/2020\/08\/xh2vg6I-yuppy-servis-pecete-30x30-1.jpg","contentUrl":"https:\/\/nurlog.com.tr\/wp-content\/uploads\/2020\/08\/xh2vg6I-yuppy-servis-pecete-30x30-1.jpg","width":1000,"height":800},{"@type":"WebPage","@id":"https:\/\/nurlog.com.tr\/ar\/\u0646\u062a\u0627\u062c\/yuppy-%d9%85%d9%86%d8%af%d9%8a%d9%84-%d8%ae%d8%af%d9%85%d8%a9-30x30\/#webpage","url":"https:\/\/nurlog.com.tr\/ar\/\u0646\u062a\u0627\u062c\/yuppy-%d9%85%d9%86%d8%af%d9%8a%d9%84-%d8%ae%d8%af%d9%85%d8%a9-30x30\/","name":"Yuppy\u0645\u0646\u062f\u064a\u0644 \u062e\u062f\u0645\u0629 30x30 - Nurlog Ka\u011f\u0131t ve Temizlik \u00dcr\u00fcnleri","isPartOf":{"@id":"https:\/\/nurlog.com.tr\/ar\/#website"},"primaryImageOfPage":{"@id":"https:\/\/nurlog.com.tr\/ar\/\u0646\u062a\u0627\u062c\/yuppy-%d9%85%d9%86%d8%af%d9%8a%d9%84-%d8%ae%d8%af%d9%85%d8%a9-30x30\/#primaryimage"},"datePublished":"2020-10-31T11:06:48+00:00","dateModified":"2020-10-31T11:06:52+00:00","breadcrumb":{"@id":"https:\/\/nurlog.com.tr\/ar\/\u0646\u062a\u0627\u062c\/yuppy-%d9%85%d9%86%d8%af%d9%8a%d9%84-%d8%ae%d8%af%d9%85%d8%a9-30x30\/#breadcrumb"},"inLanguage":"ar","potentialAction":[{"@type":"ReadAction","target":["https:\/\/nurlog.com.tr\/ar\/\u0646\u062a\u0627\u062c\/yuppy-%d9%85%d9%86%d8%af%d9%8a%d9%84-%d8%ae%d8%af%d9%85%d8%a9-30x30\/"]}]},{"@type":"BreadcrumbList","@id":"https:\/\/nurlog.com.tr\/ar\/\u0646\u062a\u0627\u062c\/yuppy-%d9%85%d9%86%d8%af%d9%8a%d9%84-%d8%ae%d8%af%d9%85%d8%a9-30x30\/#breadcrumb","itemListElement":[{"@type":"ListItem","position":1,"name":"Home","item":"https:\/\/nurlog.com.tr\/ar\/"},{"@type":"ListItem","position":2,"name":"\u0645\u0646\u062a\u062c\u0627\u062a","item":"https:\/\/nurlog.com.tr\/ar\/%d9%85%d9%86%d8%aa%d8%ac%d8%a7%d8%aa\/"},{"@type":"ListItem","position":3,"name":"Yuppy\u0645\u0646\u062f\u064a\u0644 \u062e\u062f\u0645\u0629 30&#215;30"}]}]}},"_links":{"self":[{"href":"https:\/\/nurlog.com.tr\/ar\/wp-json\/wp\/v2\/product\/4057"}],"collection":[{"href":"https:\/\/nurlog.com.tr\/ar\/wp-json\/wp\/v2\/product"}],"about":[{"href":"https:\/\/nurlog.com.tr\/ar\/wp-json\/wp\/v2\/types\/product"}],"replies":[{"embeddable":true,"href":"https:\/\/nurlog.com.tr\/ar\/wp-json\/wp\/v2\/comments?post=4057"}],"wp:featuredmedia":[{"embeddable":true,"href":"https:\/\/nurlog.com.tr\/ar\/wp-json\/wp\/v2\/media\/4058"}],"wp:attachment":[{"href":"https:\/\/nurlog.com.tr\/ar\/wp-json\/wp\/v2\/media?parent=4057"}],"wp:term":[{"taxonomy":"product_cat","embeddable":true,"href":"https:\/\/nurlog.com.tr\/ar\/wp-json\/wp\/v2\/product_cat?post=4057"},{"taxonomy":"product_tag","embeddable":true,"href":"https:\/\/nurlog.com.tr\/ar\/wp-json\/wp\/v2\/product_tag?post=4057"}],"curies":[{"name":"wp","href":"https:\/\/api.w.org\/{rel}","templated":true}]}}