{"id":4283,"date":"2020-08-18T16:35:44","date_gmt":"2020-10-31T13:54:21","guid":{"rendered":"https:\/\/nurlog.com.tr\/urun\/yuppy-asprin-%d9%85%d9%86%d8%b8%d9%81%d8%a7%d8%aa-%d8%b9%d8%a7%d9%85%d8%a9-750-%d9%85%d9%84\/"},"modified":"2020-10-31T16:54:30","modified_gmt":"2020-10-31T13:54:30","slug":"yuppy-asprin-%d8%aa%d9%86%d8%b8%d9%8a%d9%81-%d8%b9%d8%a7%d9%85-750-%d9%85%d9%84","status":"publish","type":"product","link":"https:\/\/nurlog.com.tr\/ar\/\u0646\u062a\u0627\u062c\/yuppy-asprin-%d8%aa%d9%86%d8%b8%d9%8a%d9%81-%d8%b9%d8%a7%d9%85-750-%d9%85%d9%84\/","title":{"rendered":"Yuppy Asprin \u0645\u0646\u0638\u0641\u0627\u062a \u0639\u0627\u0645\u0629 750 \u0645\u0644"},"content":{"rendered":"<table class=\"table table-striped table-hover mt-35\">\n<tbody>\n<tr>\n<th>\u0643\u0648\u062f \u0627\u0644\u0645\u0646\u062a\u062c<\/th>\n<td>: YD-221<\/td>\n<\/tr>\n<tr>\n<th>\u0642\u0637\u0639 \u0641\u064a \u0627\u0644\u0635\u0646\u062f\u0648\u0642<\/th>\n<td>: 12<\/td>\n<\/tr>\n<tr>\n<th>\u0648\u0632\u0646 \u0627\u0644\u0637\u0631\u062f<\/th>\n<td>: 10.30 \u0643\u063a<\/td>\n<\/tr>\n<tr>\n<th>\u0627\u0644\u0641\u0626\u0629<\/th>\n<td>&gt; <a href=\"https:\/\/www.nurlog.com.tr\/urun-grubu\/asprin-genel-temizlik\" rel=\"tag\"> Asprin \u062a\u0646\u0638\u064a\u0641 \u0628\u0634\u0643\u0644 \u0639\u0627\u0645<\/a><\/td>\n<\/tr>\n<\/tbody>\n<\/table>\n","protected":false},"excerpt":{"rendered":"<p>\u0643\u0648\u062f \u0627\u0644\u0645\u0646\u062a\u062c : YD-221 \u0642\u0637\u0639 \u0641\u064a \u0627\u0644\u0635\u0646\u062f\u0648\u0642 : 12 \u0648\u0632\u0646 \u0627\u0644\u0637\u0631\u062f : 10.30 \u0643\u063a \u0627\u0644\u0641\u0626\u0629 &gt; Asprin \u062a\u0646\u0638\u064a\u0641 \u0628\u0634\u0643\u0644 \u0639\u0627\u0645<\/p>\n","protected":false},"featured_media":4284,"comment_status":"open","ping_status":"closed","template":"","meta":[],"product_cat":[583],"product_tag":[],"yoast_head":"<!-- This site is optimized with the Yoast SEO plugin v18.6 - https:\/\/yoast.com\/wordpress\/plugins\/seo\/ -->\n<title>Yuppy Asprin \u0645\u0646\u0638\u0641\u0627\u062a \u0639\u0627\u0645\u0629 750 \u0645\u0644 - Nurlog Ka\u011f\u0131t ve Temizlik \u00dcr\u00fcnleri<\/title>\n<meta name=\"robots\" content=\"index, follow, max-snippet:-1, max-image-preview:large, max-video-preview:-1\" \/>\n<link rel=\"canonical\" href=\"https:\/\/nurlog.com.tr\/ar\/\u0646\u062a\u0627\u062c\/yuppy-asprin-%d8%aa%d9%86%d8%b8%d9%8a%d9%81-%d8%b9%d8%a7%d9%85-750-%d9%85%d9%84\/\" \/>\n<meta property=\"og:locale\" content=\"ar_AR\" \/>\n<meta property=\"og:type\" content=\"article\" \/>\n<meta property=\"og:title\" content=\"Yuppy Asprin \u0645\u0646\u0638\u0641\u0627\u062a \u0639\u0627\u0645\u0629 750 \u0645\u0644 - Nurlog Ka\u011f\u0131t ve Temizlik \u00dcr\u00fcnleri\" \/>\n<meta property=\"og:description\" content=\"\u0643\u0648\u062f \u0627\u0644\u0645\u0646\u062a\u062c : YD-221 \u0642\u0637\u0639 \u0641\u064a \u0627\u0644\u0635\u0646\u062f\u0648\u0642 : 12 \u0648\u0632\u0646 \u0627\u0644\u0637\u0631\u062f : 10.30 \u0643\u063a \u0627\u0644\u0641\u0626\u0629 &gt; Asprin \u062a\u0646\u0638\u064a\u0641 \u0628\u0634\u0643\u0644 \u0639\u0627\u0645\" \/>\n<meta property=\"og:url\" content=\"https:\/\/nurlog.com.tr\/ar\/\u0646\u062a\u0627\u062c\/yuppy-asprin-%d8%aa%d9%86%d8%b8%d9%8a%d9%81-%d8%b9%d8%a7%d9%85-750-%d9%85%d9%84\/\" \/>\n<meta property=\"og:site_name\" content=\"Nurlog Ka\u011f\u0131t ve Temizlik \u00dcr\u00fcnleri\" \/>\n<meta property=\"article:modified_time\" content=\"2020-10-31T13:54:30+00:00\" \/>\n<meta property=\"og:image\" content=\"https:\/\/nurlog.com.tr\/wp-content\/uploads\/2020\/08\/asprin-750-ml.jpg\" \/>\n\t<meta property=\"og:image:width\" content=\"1000\" \/>\n\t<meta property=\"og:image:height\" content=\"800\" \/>\n\t<meta property=\"og:image:type\" content=\"image\/jpeg\" \/>\n<meta name=\"twitter:card\" content=\"summary_large_image\" \/>\n<script type=\"application\/ld+json\" class=\"yoast-schema-graph\">{\"@context\":\"https:\/\/schema.org\",\"@graph\":[{\"@type\":\"WebSite\",\"@id\":\"https:\/\/nurlog.com.tr\/ar\/#website\",\"url\":\"https:\/\/nurlog.com.tr\/ar\/\",\"name\":\"Nurlog Ka\u011f\u0131t ve Temizlik \u00dcr\u00fcnleri\",\"description\":\"D\u00fc\u015flerdeki kalite..\",\"potentialAction\":[{\"@type\":\"SearchAction\",\"target\":{\"@type\":\"EntryPoint\",\"urlTemplate\":\"https:\/\/nurlog.com.tr\/ar\/?s={search_term_string}\"},\"query-input\":\"required name=search_term_string\"}],\"inLanguage\":\"ar\"},{\"@type\":\"ImageObject\",\"@id\":\"https:\/\/nurlog.com.tr\/ar\/\u0646\u062a\u0627\u062c\/yuppy-asprin-%d8%aa%d9%86%d8%b8%d9%8a%d9%81-%d8%b9%d8%a7%d9%85-750-%d9%85%d9%84\/#primaryimage\",\"inLanguage\":\"ar\",\"url\":\"https:\/\/nurlog.com.tr\/wp-content\/uploads\/2020\/08\/asprin-750-ml.jpg\",\"contentUrl\":\"https:\/\/nurlog.com.tr\/wp-content\/uploads\/2020\/08\/asprin-750-ml.jpg\",\"width\":1000,\"height\":800},{\"@type\":\"WebPage\",\"@id\":\"https:\/\/nurlog.com.tr\/ar\/\u0646\u062a\u0627\u062c\/yuppy-asprin-%d8%aa%d9%86%d8%b8%d9%8a%d9%81-%d8%b9%d8%a7%d9%85-750-%d9%85%d9%84\/#webpage\",\"url\":\"https:\/\/nurlog.com.tr\/ar\/\u0646\u062a\u0627\u062c\/yuppy-asprin-%d8%aa%d9%86%d8%b8%d9%8a%d9%81-%d8%b9%d8%a7%d9%85-750-%d9%85%d9%84\/\",\"name\":\"Yuppy Asprin \u0645\u0646\u0638\u0641\u0627\u062a \u0639\u0627\u0645\u0629 750 \u0645\u0644 - Nurlog Ka\u011f\u0131t ve Temizlik \u00dcr\u00fcnleri\",\"isPartOf\":{\"@id\":\"https:\/\/nurlog.com.tr\/ar\/#website\"},\"primaryImageOfPage\":{\"@id\":\"https:\/\/nurlog.com.tr\/ar\/\u0646\u062a\u0627\u062c\/yuppy-asprin-%d8%aa%d9%86%d8%b8%d9%8a%d9%81-%d8%b9%d8%a7%d9%85-750-%d9%85%d9%84\/#primaryimage\"},\"datePublished\":\"2020-10-31T13:54:21+00:00\",\"dateModified\":\"2020-10-31T13:54:30+00:00\",\"breadcrumb\":{\"@id\":\"https:\/\/nurlog.com.tr\/ar\/\u0646\u062a\u0627\u062c\/yuppy-asprin-%d8%aa%d9%86%d8%b8%d9%8a%d9%81-%d8%b9%d8%a7%d9%85-750-%d9%85%d9%84\/#breadcrumb\"},\"inLanguage\":\"ar\",\"potentialAction\":[{\"@type\":\"ReadAction\",\"target\":[\"https:\/\/nurlog.com.tr\/ar\/\u0646\u062a\u0627\u062c\/yuppy-asprin-%d8%aa%d9%86%d8%b8%d9%8a%d9%81-%d8%b9%d8%a7%d9%85-750-%d9%85%d9%84\/\"]}]},{\"@type\":\"BreadcrumbList\",\"@id\":\"https:\/\/nurlog.com.tr\/ar\/\u0646\u062a\u0627\u062c\/yuppy-asprin-%d8%aa%d9%86%d8%b8%d9%8a%d9%81-%d8%b9%d8%a7%d9%85-750-%d9%85%d9%84\/#breadcrumb\",\"itemListElement\":[{\"@type\":\"ListItem\",\"position\":1,\"name\":\"Home\",\"item\":\"https:\/\/nurlog.com.tr\/ar\/\"},{\"@type\":\"ListItem\",\"position\":2,\"name\":\"\u0645\u0646\u062a\u062c\u0627\u062a\",\"item\":\"https:\/\/nurlog.com.tr\/ar\/%d9%85%d9%86%d8%aa%d8%ac%d8%a7%d8%aa\/\"},{\"@type\":\"ListItem\",\"position\":3,\"name\":\"Yuppy Asprin \u0645\u0646\u0638\u0641\u0627\u062a \u0639\u0627\u0645\u0629 750 \u0645\u0644\"}]}]}<\/script>\n<!-- \/ Yoast SEO plugin. -->","yoast_head_json":{"title":"Yuppy Asprin \u0645\u0646\u0638\u0641\u0627\u062a \u0639\u0627\u0645\u0629 750 \u0645\u0644 - Nurlog Ka\u011f\u0131t ve Temizlik \u00dcr\u00fcnleri","robots":{"index":"index","follow":"follow","max-snippet":"max-snippet:-1","max-image-preview":"max-image-preview:large","max-video-preview":"max-video-preview:-1"},"canonical":"https:\/\/nurlog.com.tr\/ar\/\u0646\u062a\u0627\u062c\/yuppy-asprin-%d8%aa%d9%86%d8%b8%d9%8a%d9%81-%d8%b9%d8%a7%d9%85-750-%d9%85%d9%84\/","og_locale":"ar_AR","og_type":"article","og_title":"Yuppy Asprin \u0645\u0646\u0638\u0641\u0627\u062a \u0639\u0627\u0645\u0629 750 \u0645\u0644 - Nurlog Ka\u011f\u0131t ve Temizlik \u00dcr\u00fcnleri","og_description":"\u0643\u0648\u062f \u0627\u0644\u0645\u0646\u062a\u062c : YD-221 \u0642\u0637\u0639 \u0641\u064a \u0627\u0644\u0635\u0646\u062f\u0648\u0642 : 12 \u0648\u0632\u0646 \u0627\u0644\u0637\u0631\u062f : 10.30 \u0643\u063a \u0627\u0644\u0641\u0626\u0629 &gt; Asprin \u062a\u0646\u0638\u064a\u0641 \u0628\u0634\u0643\u0644 \u0639\u0627\u0645","og_url":"https:\/\/nurlog.com.tr\/ar\/\u0646\u062a\u0627\u062c\/yuppy-asprin-%d8%aa%d9%86%d8%b8%d9%8a%d9%81-%d8%b9%d8%a7%d9%85-750-%d9%85%d9%84\/","og_site_name":"Nurlog Ka\u011f\u0131t ve Temizlik \u00dcr\u00fcnleri","article_modified_time":"2020-10-31T13:54:30+00:00","og_image":[{"width":1000,"height":800,"url":"https:\/\/nurlog.com.tr\/wp-content\/uploads\/2020\/08\/asprin-750-ml.jpg","type":"image\/jpeg"}],"twitter_card":"summary_large_image","schema":{"@context":"https:\/\/schema.org","@graph":[{"@type":"WebSite","@id":"https:\/\/nurlog.com.tr\/ar\/#website","url":"https:\/\/nurlog.com.tr\/ar\/","name":"Nurlog Ka\u011f\u0131t ve Temizlik \u00dcr\u00fcnleri","description":"D\u00fc\u015flerdeki kalite..","potentialAction":[{"@type":"SearchAction","target":{"@type":"EntryPoint","urlTemplate":"https:\/\/nurlog.com.tr\/ar\/?s={search_term_string}"},"query-input":"required name=search_term_string"}],"inLanguage":"ar"},{"@type":"ImageObject","@id":"https:\/\/nurlog.com.tr\/ar\/\u0646\u062a\u0627\u062c\/yuppy-asprin-%d8%aa%d9%86%d8%b8%d9%8a%d9%81-%d8%b9%d8%a7%d9%85-750-%d9%85%d9%84\/#primaryimage","inLanguage":"ar","url":"https:\/\/nurlog.com.tr\/wp-content\/uploads\/2020\/08\/asprin-750-ml.jpg","contentUrl":"https:\/\/nurlog.com.tr\/wp-content\/uploads\/2020\/08\/asprin-750-ml.jpg","width":1000,"height":800},{"@type":"WebPage","@id":"https:\/\/nurlog.com.tr\/ar\/\u0646\u062a\u0627\u062c\/yuppy-asprin-%d8%aa%d9%86%d8%b8%d9%8a%d9%81-%d8%b9%d8%a7%d9%85-750-%d9%85%d9%84\/#webpage","url":"https:\/\/nurlog.com.tr\/ar\/\u0646\u062a\u0627\u062c\/yuppy-asprin-%d8%aa%d9%86%d8%b8%d9%8a%d9%81-%d8%b9%d8%a7%d9%85-750-%d9%85%d9%84\/","name":"Yuppy Asprin \u0645\u0646\u0638\u0641\u0627\u062a \u0639\u0627\u0645\u0629 750 \u0645\u0644 - Nurlog Ka\u011f\u0131t ve Temizlik \u00dcr\u00fcnleri","isPartOf":{"@id":"https:\/\/nurlog.com.tr\/ar\/#website"},"primaryImageOfPage":{"@id":"https:\/\/nurlog.com.tr\/ar\/\u0646\u062a\u0627\u062c\/yuppy-asprin-%d8%aa%d9%86%d8%b8%d9%8a%d9%81-%d8%b9%d8%a7%d9%85-750-%d9%85%d9%84\/#primaryimage"},"datePublished":"2020-10-31T13:54:21+00:00","dateModified":"2020-10-31T13:54:30+00:00","breadcrumb":{"@id":"https:\/\/nurlog.com.tr\/ar\/\u0646\u062a\u0627\u062c\/yuppy-asprin-%d8%aa%d9%86%d8%b8%d9%8a%d9%81-%d8%b9%d8%a7%d9%85-750-%d9%85%d9%84\/#breadcrumb"},"inLanguage":"ar","potentialAction":[{"@type":"ReadAction","target":["https:\/\/nurlog.com.tr\/ar\/\u0646\u062a\u0627\u062c\/yuppy-asprin-%d8%aa%d9%86%d8%b8%d9%8a%d9%81-%d8%b9%d8%a7%d9%85-750-%d9%85%d9%84\/"]}]},{"@type":"BreadcrumbList","@id":"https:\/\/nurlog.com.tr\/ar\/\u0646\u062a\u0627\u062c\/yuppy-asprin-%d8%aa%d9%86%d8%b8%d9%8a%d9%81-%d8%b9%d8%a7%d9%85-750-%d9%85%d9%84\/#breadcrumb","itemListElement":[{"@type":"ListItem","position":1,"name":"Home","item":"https:\/\/nurlog.com.tr\/ar\/"},{"@type":"ListItem","position":2,"name":"\u0645\u0646\u062a\u062c\u0627\u062a","item":"https:\/\/nurlog.com.tr\/ar\/%d9%85%d9%86%d8%aa%d8%ac%d8%a7%d8%aa\/"},{"@type":"ListItem","position":3,"name":"Yuppy Asprin \u0645\u0646\u0638\u0641\u0627\u062a \u0639\u0627\u0645\u0629 750 \u0645\u0644"}]}]}},"_links":{"self":[{"href":"https:\/\/nurlog.com.tr\/ar\/wp-json\/wp\/v2\/product\/4283"}],"collection":[{"href":"https:\/\/nurlog.com.tr\/ar\/wp-json\/wp\/v2\/product"}],"about":[{"href":"https:\/\/nurlog.com.tr\/ar\/wp-json\/wp\/v2\/types\/product"}],"replies":[{"embeddable":true,"href":"https:\/\/nurlog.com.tr\/ar\/wp-json\/wp\/v2\/comments?post=4283"}],"wp:featuredmedia":[{"embeddable":true,"href":"https:\/\/nurlog.com.tr\/ar\/wp-json\/wp\/v2\/media\/4284"}],"wp:attachment":[{"href":"https:\/\/nurlog.com.tr\/ar\/wp-json\/wp\/v2\/media?parent=4283"}],"wp:term":[{"taxonomy":"product_cat","embeddable":true,"href":"https:\/\/nurlog.com.tr\/ar\/wp-json\/wp\/v2\/product_cat?post=4283"},{"taxonomy":"product_tag","embeddable":true,"href":"https:\/\/nurlog.com.tr\/ar\/wp-json\/wp\/v2\/product_tag?post=4283"}],"curies":[{"name":"wp","href":"https:\/\/api.w.org\/{rel}","templated":true}]}}